{"id":206,"date":"2025-11-10T20:42:54","date_gmt":"2025-11-10T23:42:54","guid":{"rendered":"https:\/\/sites.bra.ifsp.edu.br\/semat\/?page_id=206"},"modified":"2026-03-26T14:56:25","modified_gmt":"2026-03-26T17:56:25","slug":"submissao-dos-trabalhos","status":"publish","type":"page","link":"https:\/\/sites.bra.ifsp.edu.br\/semat\/submissao-dos-trabalhos\/","title":{"rendered":"Submiss\u00e3o dos trabalhos"},"content":{"rendered":"\t\t<div data-elementor-type=\"wp-page\" data-elementor-id=\"206\" class=\"elementor elementor-206\">\n\t\t\t\t<div class=\"elementor-element elementor-element-92c316f e-flex e-con-boxed wpr-particle-no wpr-jarallax-no wpr-parallax-no wpr-sticky-section-no e-con e-parent\" data-id=\"92c316f\" data-element_type=\"container\">\n\t\t\t\t\t<div class=\"e-con-inner\">\n\t\t\t\t<div class=\"elementor-element elementor-element-8ce77ea elementor-widget elementor-widget-image\" data-id=\"8ce77ea\" data-element_type=\"widget\" data-widget_type=\"image.default\">\n\t\t\t\t\t\t\t\t\t\t\t\t\t\t\t<img fetchpriority=\"high\" decoding=\"async\" width=\"750\" height=\"231\" src=\"https:\/\/sites.bra.ifsp.edu.br\/semat\/wp-content\/uploads\/2025\/11\/bannerSemat15_site.jpg\" class=\"attachment-1536x1536 size-1536x1536 wp-image-208\" alt=\"\" srcset=\"https:\/\/sites.bra.ifsp.edu.br\/semat\/wp-content\/uploads\/2025\/11\/bannerSemat15_site.jpg 750w, https:\/\/sites.bra.ifsp.edu.br\/semat\/wp-content\/uploads\/2025\/11\/bannerSemat15_site-300x92.jpg 300w, https:\/\/sites.bra.ifsp.edu.br\/semat\/wp-content\/uploads\/2025\/11\/bannerSemat15_site-600x185.jpg 600w\" sizes=\"(max-width: 750px) 100vw, 750px\" \/>\t\t\t\t\t\t\t\t\t\t\t\t\t\t\t<\/div>\n\t\t\t\t\t<\/div>\n\t\t\t\t<\/div>\n\t\t<div class=\"elementor-element elementor-element-0aba719 e-flex e-con-boxed wpr-particle-no wpr-jarallax-no wpr-parallax-no wpr-sticky-section-no e-con e-parent\" data-id=\"0aba719\" data-element_type=\"container\">\n\t\t\t\t\t<div class=\"e-con-inner\">\n\t\t\t\t<div class=\"elementor-element elementor-element-f2f24e8 elementor-widget elementor-widget-spacer\" data-id=\"f2f24e8\" data-element_type=\"widget\" data-widget_type=\"spacer.default\">\n\t\t\t\t\t\t\t<div class=\"elementor-spacer\">\n\t\t\t<div class=\"elementor-spacer-inner\"><\/div>\n\t\t<\/div>\n\t\t\t\t\t\t<\/div>\n\t\t\t\t\t<\/div>\n\t\t\t\t<\/div>\n\t\t<div class=\"elementor-element elementor-element-ceac3d4 e-con-full e-flex wpr-particle-no wpr-jarallax-no wpr-parallax-no wpr-sticky-section-no e-con e-parent\" data-id=\"ceac3d4\" data-element_type=\"container\">\n\t\t\t\t<div class=\"elementor-element elementor-element-2a64aa0 elementor-widget elementor-widget-text-editor\" data-id=\"2a64aa0\" data-element_type=\"widget\" data-widget_type=\"text-editor.default\">\n\t\t\t\t\t\t\t\t\t<h4>A Comiss\u00e3o Organizadora da SEMAT convida todos (as) a participarem da submiss\u00e3o de trabalhos para a 15\u00aa Semana da Matem\u00e1tica e Educa\u00e7\u00e3o Matem\u00e1tica, promovida pelo curso de Licenciatura em Matem\u00e1tica do IFSP &#8211; Campus Bragan\u00e7a Paulista.<\/h4>\t\t\t\t\t\t\t\t<\/div>\n\t\t\t\t<\/div>\n\t\t<div class=\"elementor-element elementor-element-e4062c0 e-flex e-con-boxed wpr-particle-no wpr-jarallax-no wpr-parallax-no wpr-sticky-section-no e-con e-parent\" data-id=\"e4062c0\" data-element_type=\"container\">\n\t\t\t\t\t<div class=\"e-con-inner\">\n\t\t\t\t<div class=\"elementor-element elementor-element-3a54c12 elementor-widget elementor-widget-heading\" data-id=\"3a54c12\" data-element_type=\"widget\" data-widget_type=\"heading.default\">\n\t\t\t\t\t<h2 class=\"elementor-heading-title elementor-size-default\">Poder\u00e3o ser submetidos tr\u00eas tipos de trabalhos:<\/h2>\t\t\t\t<\/div>\n\t\t\t\t\t<\/div>\n\t\t\t\t<\/div>\n\t\t<div class=\"elementor-element elementor-element-f5c26b3 e-flex e-con-boxed wpr-particle-no wpr-jarallax-no wpr-parallax-no wpr-sticky-section-no e-con e-parent\" data-id=\"f5c26b3\" data-element_type=\"container\">\n\t\t\t\t\t<div class=\"e-con-inner\">\n\t\t\t\t<div class=\"elementor-element elementor-element-d44ebeb elementor-widget elementor-widget-text-editor\" data-id=\"d44ebeb\" data-element_type=\"widget\" data-widget_type=\"text-editor.default\">\n\t\t\t\t\t\t\t\t\t<ul><li dir=\"ltr\">1) Apresenta\u00e7\u00f5es orais at\u00e9 <strong>31\/03\/26<\/strong> no\u00a0<span style=\"letter-spacing: 0px;\">link:\u00a0<\/span><strong><a style=\"letter-spacing: 0px; background-color: #ffffff;\" href=\"https:\/\/bra.ifsp.edu.br\/ojs\/index.php\/semat\" target=\"_blank\" rel=\"noopener\">bra.ifsp.edu.br\/ojs\/index.php\/semat<\/a><\/strong><\/li><li dir=\"ltr\"><strong><span style=\"letter-spacing: 0px;\"><a href=\"https:\/\/docs.google.com\/document\/d\/1wr-QvWlrorbWpOf9R6t16-nYzbYSC_3b\/edit?rtpof=true&amp;sd=true&amp;pli=1&amp;tab=t.0\">artigo<\/a>\u00a0 \u00a0 \u00a0 \u00a0 \u00a0<\/span><\/strong><\/li><li dir=\"ltr\"><strong><span style=\"letter-spacing: 0px;\"><a href=\"https:\/\/docs.google.com\/document\/d\/1CkqJ73bRKUu-6Jl6C-2OmaqwMDqhNZwb\/edit\">Relato de experiencia<\/a>\u00a0 \u00a0 \u00a0 \u00a0 \u00a0 \u00a0 \u00a0\u00a0<\/span><\/strong><\/li><\/ul><h4 dir=\"ltr\">2) Feira de Matem\u00e1tica e\/ou <strong>30\/04\/26<\/strong> no\u00a0<span style=\"letter-spacing: 0px;\">link:<\/span> <a style=\"letter-spacing: 0px; background-color: #ffffff;\" href=\"https:\/\/bra.ifsp.edu.br\/ojs\/index.php\/semat\" target=\"_blank\" rel=\"noopener\">bra.ifsp.edu.br\/ojs\/index.php\/semat<\/a><span style=\"letter-spacing: 0px;\">\u00a0<\/span><\/h4><ul><li><a href=\"https:\/\/docs.google.com\/document\/d\/1UipXh4iIoRqygXG0j0juutnpZ0GRdiCM9rDQsnZQcVU\/edit?tab=t.0\">Resumo feira<\/a><\/li><\/ul><h4 dir=\"ltr\">3) Artigos completos para o livro &#8220;<b>Conex\u00f5es do Saber: Matem\u00e1tica, Ci\u00eancias e Educa\u00e7\u00e3o<\/b>&#8221; <span style=\"letter-spacing: 0px; text-align: inherit;\">at\u00e9 22\/03\/2026.<\/span><\/h4><h4 dir=\"ltr\"><span style=\"letter-spacing: 0px; text-align: inherit;\">\u00a0 \u00a0 \u00a0 \u00a0 \u00a0 \u00a0 \u00a0 \u00a0 \u00a0 \u00a0 \u00a0 \u00a0 \u00a0 \u00a0 \u00a0 \u00a0 \u00a0 \u00a0 \u00a0 \u00a0 \u00a0 \u00a0 \u00a0 \u00a0 \u00a0 \u00a0 \u00a0 \u00a0 \u00a0 \u00a0Para submiss\u00e3o de artigos para o livro, enviar para professor Rubens no\u00a0 \u00a0 \u00a0 \u00a0 \u00a0 \u00a0 \u00a0 \u00a0 \u00a0 \u00a0 \u00a0 \u00a0 \u00a0 \u00a0 \u00a0 \u00a0 \u00a0 \u00a0 \u00a0 \u00a0 \u00a0 \u00a0 \u00a0 \u00a0 \u00a0 \u00a0 \u00a0 \u00a0 \u00a0 \u00a0 \u00a0 \u00a0 \u00a0 \u00a0 \u00a0 \u00a0 \u00a0 \u00a0 \u00a0 \u00a0 \u00a0 \u00a0 \u00a0 \u00a0 \u00a0 \u00a0 \u00a0 \u00a0 \u00a0 \u00a0 \u00a0email: <strong>rubenspantano@ifsp.edu.br<\/strong>\u00a0<\/span><\/h4>\t\t\t\t\t\t\t\t<\/div>\n\t\t\t\t\t<\/div>\n\t\t\t\t<\/div>\n\t\t\t\t<\/div>\n\t\t","protected":false},"excerpt":{"rendered":"<p>A Comiss\u00e3o Organizadora da SEMAT convida todos (as) a participarem da submiss\u00e3o de trabalhos para a 15\u00aa Semana da Matem\u00e1tica e Educa\u00e7\u00e3o Matem\u00e1tica, promovida pelo curso de Licenciatura em Matem\u00e1tica do IFSP &#8211; Campus Bragan\u00e7a Paulista. Poder\u00e3o ser submetidos tr\u00eas tipos de trabalhos: 1) Apresenta\u00e7\u00f5es orais at\u00e9 31\/03\/26 no\u00a0link:\u00a0bra.ifsp.edu.br\/ojs\/index.php\/semat artigo\u00a0 \u00a0 \u00a0 \u00a0 \u00a0 Relato de experiencia\u00a0 \u00a0 \u00a0 \u00a0 \u00a0 \u00a0 \u00a0\u00a0 2) Feira de Matem\u00e1tica e\/ou 30\/04\/26 no\u00a0link: bra.ifsp.edu.br\/ojs\/index.php\/semat\u00a0 Resumo feira 3) Artigos completos para o livro &#8220;Conex\u00f5es do Saber: Matem\u00e1tica, Ci\u00eancias e Educa\u00e7\u00e3o&#8221; at\u00e9 22\/03\/2026. \u00a0 \u00a0 \u00a0 \u00a0 \u00a0 \u00a0 \u00a0 \u00a0 \u00a0 \u00a0 \u00a0 \u00a0 \u00a0 \u00a0 \u00a0 \u00a0 \u00a0 \u00a0 \u00a0 \u00a0 \u00a0 \u00a0 \u00a0 \u00a0 \u00a0 \u00a0 \u00a0 \u00a0 \u00a0 \u00a0Para submiss\u00e3o de artigos para o livro, enviar para professor Rubens no\u00a0 \u00a0 \u00a0 \u00a0 \u00a0 \u00a0 \u00a0 \u00a0 \u00a0 \u00a0 \u00a0 \u00a0 \u00a0 \u00a0 \u00a0 \u00a0 \u00a0 \u00a0 \u00a0 \u00a0 \u00a0 \u00a0 \u00a0 \u00a0 \u00a0 \u00a0 \u00a0 \u00a0 \u00a0 \u00a0 \u00a0 \u00a0 \u00a0 \u00a0 \u00a0 \u00a0 \u00a0 \u00a0 \u00a0 \u00a0 \u00a0 \u00a0 \u00a0 \u00a0 \u00a0 \u00a0 \u00a0 \u00a0 \u00a0 \u00a0 \u00a0email: rubenspantano@ifsp.edu.br\u00a0<\/p>\n","protected":false},"author":2,"featured_media":0,"parent":0,"menu_order":0,"comment_status":"closed","ping_status":"closed","template":"","meta":{"footnotes":""},"class_list":["post-206","page","type-page","status-publish","hentry"],"yoast_head":"<!-- This site is optimized with the Yoast SEO plugin v27.0 - https:\/\/yoast.com\/product\/yoast-seo-wordpress\/ -->\n<title>Submiss\u00e3o dos trabalhos - SEMAT<\/title>\n<meta name=\"robots\" content=\"index, follow, max-snippet:-1, max-image-preview:large, max-video-preview:-1\" \/>\n<link rel=\"canonical\" href=\"https:\/\/sites.bra.ifsp.edu.br\/semat\/submissao-dos-trabalhos\/\" \/>\n<meta property=\"og:locale\" content=\"pt_BR\" \/>\n<meta property=\"og:type\" content=\"article\" \/>\n<meta property=\"og:title\" content=\"Submiss\u00e3o dos trabalhos - SEMAT\" \/>\n<meta property=\"og:description\" content=\"A Comiss\u00e3o Organizadora da SEMAT convida todos (as) a participarem da submiss\u00e3o de trabalhos para a 15\u00aa Semana da Matem\u00e1tica e Educa\u00e7\u00e3o Matem\u00e1tica, promovida pelo curso de Licenciatura em Matem\u00e1tica do IFSP &#8211; Campus Bragan\u00e7a Paulista. Poder\u00e3o ser submetidos tr\u00eas tipos de trabalhos: 1) Apresenta\u00e7\u00f5es orais at\u00e9 31\/03\/26 no\u00a0link:\u00a0bra.ifsp.edu.br\/ojs\/index.php\/semat artigo\u00a0 \u00a0 \u00a0 \u00a0 \u00a0 Relato de experiencia\u00a0 \u00a0 \u00a0 \u00a0 \u00a0 \u00a0 \u00a0\u00a0 2) Feira de Matem\u00e1tica e\/ou 30\/04\/26 no\u00a0link: bra.ifsp.edu.br\/ojs\/index.php\/semat\u00a0 Resumo feira 3) Artigos completos para o livro &#8220;Conex\u00f5es do Saber: Matem\u00e1tica, Ci\u00eancias e Educa\u00e7\u00e3o&#8221; at\u00e9 22\/03\/2026. \u00a0 \u00a0 \u00a0 \u00a0 \u00a0 \u00a0 \u00a0 \u00a0 \u00a0 \u00a0 \u00a0 \u00a0 \u00a0 \u00a0 \u00a0 \u00a0 \u00a0 \u00a0 \u00a0 \u00a0 \u00a0 \u00a0 \u00a0 \u00a0 \u00a0 \u00a0 \u00a0 \u00a0 \u00a0 \u00a0Para submiss\u00e3o de artigos para o livro, enviar para professor Rubens no\u00a0 \u00a0 \u00a0 \u00a0 \u00a0 \u00a0 \u00a0 \u00a0 \u00a0 \u00a0 \u00a0 \u00a0 \u00a0 \u00a0 \u00a0 \u00a0 \u00a0 \u00a0 \u00a0 \u00a0 \u00a0 \u00a0 \u00a0 \u00a0 \u00a0 \u00a0 \u00a0 \u00a0 \u00a0 \u00a0 \u00a0 \u00a0 \u00a0 \u00a0 \u00a0 \u00a0 \u00a0 \u00a0 \u00a0 \u00a0 \u00a0 \u00a0 \u00a0 \u00a0 \u00a0 \u00a0 \u00a0 \u00a0 \u00a0 \u00a0 \u00a0email: rubenspantano@ifsp.edu.br\u00a0\" \/>\n<meta property=\"og:url\" content=\"https:\/\/sites.bra.ifsp.edu.br\/semat\/submissao-dos-trabalhos\/\" \/>\n<meta property=\"og:site_name\" content=\"SEMAT\" \/>\n<meta property=\"article:modified_time\" content=\"2026-03-26T17:56:25+00:00\" \/>\n<meta property=\"og:image\" content=\"https:\/\/sites.bra.ifsp.edu.br\/semat\/wp-content\/uploads\/2025\/11\/bannerSemat15_site.jpg\" \/>\n\t<meta property=\"og:image:width\" content=\"750\" \/>\n\t<meta property=\"og:image:height\" content=\"231\" \/>\n\t<meta property=\"og:image:type\" content=\"image\/jpeg\" \/>\n<meta name=\"twitter:card\" content=\"summary_large_image\" \/>\n<meta name=\"twitter:label1\" content=\"Est. tempo de leitura\" \/>\n\t<meta name=\"twitter:data1\" content=\"1 minuto\" \/>\n<script type=\"application\/ld+json\" class=\"yoast-schema-graph\">{\"@context\":\"https:\/\/schema.org\",\"@graph\":[{\"@type\":\"WebPage\",\"@id\":\"https:\/\/sites.bra.ifsp.edu.br\/semat\/submissao-dos-trabalhos\/\",\"url\":\"https:\/\/sites.bra.ifsp.edu.br\/semat\/submissao-dos-trabalhos\/\",\"name\":\"Submiss\u00e3o dos trabalhos - SEMAT\",\"isPartOf\":{\"@id\":\"https:\/\/sites.bra.ifsp.edu.br\/semat\/#website\"},\"primaryImageOfPage\":{\"@id\":\"https:\/\/sites.bra.ifsp.edu.br\/semat\/submissao-dos-trabalhos\/#primaryimage\"},\"image\":{\"@id\":\"https:\/\/sites.bra.ifsp.edu.br\/semat\/submissao-dos-trabalhos\/#primaryimage\"},\"thumbnailUrl\":\"https:\/\/sites.bra.ifsp.edu.br\/semat\/wp-content\/uploads\/2025\/11\/bannerSemat15_site.jpg\",\"datePublished\":\"2025-11-10T23:42:54+00:00\",\"dateModified\":\"2026-03-26T17:56:25+00:00\",\"breadcrumb\":{\"@id\":\"https:\/\/sites.bra.ifsp.edu.br\/semat\/submissao-dos-trabalhos\/#breadcrumb\"},\"inLanguage\":\"pt-BR\",\"potentialAction\":[{\"@type\":\"ReadAction\",\"target\":[\"https:\/\/sites.bra.ifsp.edu.br\/semat\/submissao-dos-trabalhos\/\"]}]},{\"@type\":\"ImageObject\",\"inLanguage\":\"pt-BR\",\"@id\":\"https:\/\/sites.bra.ifsp.edu.br\/semat\/submissao-dos-trabalhos\/#primaryimage\",\"url\":\"https:\/\/sites.bra.ifsp.edu.br\/semat\/wp-content\/uploads\/2025\/11\/bannerSemat15_site.jpg\",\"contentUrl\":\"https:\/\/sites.bra.ifsp.edu.br\/semat\/wp-content\/uploads\/2025\/11\/bannerSemat15_site.jpg\",\"width\":750,\"height\":231},{\"@type\":\"BreadcrumbList\",\"@id\":\"https:\/\/sites.bra.ifsp.edu.br\/semat\/submissao-dos-trabalhos\/#breadcrumb\",\"itemListElement\":[{\"@type\":\"ListItem\",\"position\":1,\"name\":\"In\u00edcio\",\"item\":\"https:\/\/sites.bra.ifsp.edu.br\/semat\/\"},{\"@type\":\"ListItem\",\"position\":2,\"name\":\"Submiss\u00e3o dos trabalhos\"}]},{\"@type\":\"WebSite\",\"@id\":\"https:\/\/sites.bra.ifsp.edu.br\/semat\/#website\",\"url\":\"https:\/\/sites.bra.ifsp.edu.br\/semat\/\",\"name\":\"SEMAT\",\"description\":\"Semana da Matem\u00e1tica e Educa\u00e7\u00e3o Matem\u00e1tica\",\"publisher\":{\"@id\":\"https:\/\/sites.bra.ifsp.edu.br\/semat\/#organization\"},\"potentialAction\":[{\"@type\":\"SearchAction\",\"target\":{\"@type\":\"EntryPoint\",\"urlTemplate\":\"https:\/\/sites.bra.ifsp.edu.br\/semat\/?s={search_term_string}\"},\"query-input\":{\"@type\":\"PropertyValueSpecification\",\"valueRequired\":true,\"valueName\":\"search_term_string\"}}],\"inLanguage\":\"pt-BR\"},{\"@type\":\"Organization\",\"@id\":\"https:\/\/sites.bra.ifsp.edu.br\/semat\/#organization\",\"name\":\"SEMAT\",\"url\":\"https:\/\/sites.bra.ifsp.edu.br\/semat\/\",\"logo\":{\"@type\":\"ImageObject\",\"inLanguage\":\"pt-BR\",\"@id\":\"https:\/\/sites.bra.ifsp.edu.br\/semat\/#\/schema\/logo\/image\/\",\"url\":\"https:\/\/sites.bra.ifsp.edu.br\/semat\/wp-content\/uploads\/2025\/09\/SEMAT15.jpg\",\"contentUrl\":\"https:\/\/sites.bra.ifsp.edu.br\/semat\/wp-content\/uploads\/2025\/09\/SEMAT15.jpg\",\"width\":2283,\"height\":1145,\"caption\":\"SEMAT\"},\"image\":{\"@id\":\"https:\/\/sites.bra.ifsp.edu.br\/semat\/#\/schema\/logo\/image\/\"}}]}<\/script>\n<!-- \/ Yoast SEO plugin. -->","yoast_head_json":{"title":"Submiss\u00e3o dos trabalhos - SEMAT","robots":{"index":"index","follow":"follow","max-snippet":"max-snippet:-1","max-image-preview":"max-image-preview:large","max-video-preview":"max-video-preview:-1"},"canonical":"https:\/\/sites.bra.ifsp.edu.br\/semat\/submissao-dos-trabalhos\/","og_locale":"pt_BR","og_type":"article","og_title":"Submiss\u00e3o dos trabalhos - SEMAT","og_description":"A Comiss\u00e3o Organizadora da SEMAT convida todos (as) a participarem da submiss\u00e3o de trabalhos para a 15\u00aa Semana da Matem\u00e1tica e Educa\u00e7\u00e3o Matem\u00e1tica, promovida pelo curso de Licenciatura em Matem\u00e1tica do IFSP &#8211; Campus Bragan\u00e7a Paulista. Poder\u00e3o ser submetidos tr\u00eas tipos de trabalhos: 1) Apresenta\u00e7\u00f5es orais at\u00e9 31\/03\/26 no\u00a0link:\u00a0bra.ifsp.edu.br\/ojs\/index.php\/semat artigo\u00a0 \u00a0 \u00a0 \u00a0 \u00a0 Relato de experiencia\u00a0 \u00a0 \u00a0 \u00a0 \u00a0 \u00a0 \u00a0\u00a0 2) Feira de Matem\u00e1tica e\/ou 30\/04\/26 no\u00a0link: bra.ifsp.edu.br\/ojs\/index.php\/semat\u00a0 Resumo feira 3) Artigos completos para o livro &#8220;Conex\u00f5es do Saber: Matem\u00e1tica, Ci\u00eancias e Educa\u00e7\u00e3o&#8221; at\u00e9 22\/03\/2026. \u00a0 \u00a0 \u00a0 \u00a0 \u00a0 \u00a0 \u00a0 \u00a0 \u00a0 \u00a0 \u00a0 \u00a0 \u00a0 \u00a0 \u00a0 \u00a0 \u00a0 \u00a0 \u00a0 \u00a0 \u00a0 \u00a0 \u00a0 \u00a0 \u00a0 \u00a0 \u00a0 \u00a0 \u00a0 \u00a0Para submiss\u00e3o de artigos para o livro, enviar para professor Rubens no\u00a0 \u00a0 \u00a0 \u00a0 \u00a0 \u00a0 \u00a0 \u00a0 \u00a0 \u00a0 \u00a0 \u00a0 \u00a0 \u00a0 \u00a0 \u00a0 \u00a0 \u00a0 \u00a0 \u00a0 \u00a0 \u00a0 \u00a0 \u00a0 \u00a0 \u00a0 \u00a0 \u00a0 \u00a0 \u00a0 \u00a0 \u00a0 \u00a0 \u00a0 \u00a0 \u00a0 \u00a0 \u00a0 \u00a0 \u00a0 \u00a0 \u00a0 \u00a0 \u00a0 \u00a0 \u00a0 \u00a0 \u00a0 \u00a0 \u00a0 \u00a0email: rubenspantano@ifsp.edu.br\u00a0","og_url":"https:\/\/sites.bra.ifsp.edu.br\/semat\/submissao-dos-trabalhos\/","og_site_name":"SEMAT","article_modified_time":"2026-03-26T17:56:25+00:00","og_image":[{"width":750,"height":231,"url":"https:\/\/sites.bra.ifsp.edu.br\/semat\/wp-content\/uploads\/2025\/11\/bannerSemat15_site.jpg","type":"image\/jpeg"}],"twitter_card":"summary_large_image","twitter_misc":{"Est. tempo de leitura":"1 minuto"},"schema":{"@context":"https:\/\/schema.org","@graph":[{"@type":"WebPage","@id":"https:\/\/sites.bra.ifsp.edu.br\/semat\/submissao-dos-trabalhos\/","url":"https:\/\/sites.bra.ifsp.edu.br\/semat\/submissao-dos-trabalhos\/","name":"Submiss\u00e3o dos trabalhos - SEMAT","isPartOf":{"@id":"https:\/\/sites.bra.ifsp.edu.br\/semat\/#website"},"primaryImageOfPage":{"@id":"https:\/\/sites.bra.ifsp.edu.br\/semat\/submissao-dos-trabalhos\/#primaryimage"},"image":{"@id":"https:\/\/sites.bra.ifsp.edu.br\/semat\/submissao-dos-trabalhos\/#primaryimage"},"thumbnailUrl":"https:\/\/sites.bra.ifsp.edu.br\/semat\/wp-content\/uploads\/2025\/11\/bannerSemat15_site.jpg","datePublished":"2025-11-10T23:42:54+00:00","dateModified":"2026-03-26T17:56:25+00:00","breadcrumb":{"@id":"https:\/\/sites.bra.ifsp.edu.br\/semat\/submissao-dos-trabalhos\/#breadcrumb"},"inLanguage":"pt-BR","potentialAction":[{"@type":"ReadAction","target":["https:\/\/sites.bra.ifsp.edu.br\/semat\/submissao-dos-trabalhos\/"]}]},{"@type":"ImageObject","inLanguage":"pt-BR","@id":"https:\/\/sites.bra.ifsp.edu.br\/semat\/submissao-dos-trabalhos\/#primaryimage","url":"https:\/\/sites.bra.ifsp.edu.br\/semat\/wp-content\/uploads\/2025\/11\/bannerSemat15_site.jpg","contentUrl":"https:\/\/sites.bra.ifsp.edu.br\/semat\/wp-content\/uploads\/2025\/11\/bannerSemat15_site.jpg","width":750,"height":231},{"@type":"BreadcrumbList","@id":"https:\/\/sites.bra.ifsp.edu.br\/semat\/submissao-dos-trabalhos\/#breadcrumb","itemListElement":[{"@type":"ListItem","position":1,"name":"In\u00edcio","item":"https:\/\/sites.bra.ifsp.edu.br\/semat\/"},{"@type":"ListItem","position":2,"name":"Submiss\u00e3o dos trabalhos"}]},{"@type":"WebSite","@id":"https:\/\/sites.bra.ifsp.edu.br\/semat\/#website","url":"https:\/\/sites.bra.ifsp.edu.br\/semat\/","name":"SEMAT","description":"Semana da Matem\u00e1tica e Educa\u00e7\u00e3o Matem\u00e1tica","publisher":{"@id":"https:\/\/sites.bra.ifsp.edu.br\/semat\/#organization"},"potentialAction":[{"@type":"SearchAction","target":{"@type":"EntryPoint","urlTemplate":"https:\/\/sites.bra.ifsp.edu.br\/semat\/?s={search_term_string}"},"query-input":{"@type":"PropertyValueSpecification","valueRequired":true,"valueName":"search_term_string"}}],"inLanguage":"pt-BR"},{"@type":"Organization","@id":"https:\/\/sites.bra.ifsp.edu.br\/semat\/#organization","name":"SEMAT","url":"https:\/\/sites.bra.ifsp.edu.br\/semat\/","logo":{"@type":"ImageObject","inLanguage":"pt-BR","@id":"https:\/\/sites.bra.ifsp.edu.br\/semat\/#\/schema\/logo\/image\/","url":"https:\/\/sites.bra.ifsp.edu.br\/semat\/wp-content\/uploads\/2025\/09\/SEMAT15.jpg","contentUrl":"https:\/\/sites.bra.ifsp.edu.br\/semat\/wp-content\/uploads\/2025\/09\/SEMAT15.jpg","width":2283,"height":1145,"caption":"SEMAT"},"image":{"@id":"https:\/\/sites.bra.ifsp.edu.br\/semat\/#\/schema\/logo\/image\/"}}]}},"_links":{"self":[{"href":"https:\/\/sites.bra.ifsp.edu.br\/semat\/wp-json\/wp\/v2\/pages\/206","targetHints":{"allow":["GET"]}}],"collection":[{"href":"https:\/\/sites.bra.ifsp.edu.br\/semat\/wp-json\/wp\/v2\/pages"}],"about":[{"href":"https:\/\/sites.bra.ifsp.edu.br\/semat\/wp-json\/wp\/v2\/types\/page"}],"author":[{"embeddable":true,"href":"https:\/\/sites.bra.ifsp.edu.br\/semat\/wp-json\/wp\/v2\/users\/2"}],"replies":[{"embeddable":true,"href":"https:\/\/sites.bra.ifsp.edu.br\/semat\/wp-json\/wp\/v2\/comments?post=206"}],"version-history":[{"count":40,"href":"https:\/\/sites.bra.ifsp.edu.br\/semat\/wp-json\/wp\/v2\/pages\/206\/revisions"}],"predecessor-version":[{"id":469,"href":"https:\/\/sites.bra.ifsp.edu.br\/semat\/wp-json\/wp\/v2\/pages\/206\/revisions\/469"}],"wp:attachment":[{"href":"https:\/\/sites.bra.ifsp.edu.br\/semat\/wp-json\/wp\/v2\/media?parent=206"}],"curies":[{"name":"wp","href":"https:\/\/api.w.org\/{rel}","templated":true}]}}