{"id":18,"date":"2025-09-22T16:13:33","date_gmt":"2025-09-22T19:13:33","guid":{"rendered":"https:\/\/sites.bra.ifsp.edu.br\/semat\/?page_id=18"},"modified":"2026-03-26T14:12:57","modified_gmt":"2026-03-26T17:12:57","slug":"contato","status":"publish","type":"page","link":"https:\/\/sites.bra.ifsp.edu.br\/semat\/contato\/","title":{"rendered":"Contato"},"content":{"rendered":"\n<div class=\"wp-block-group is-nowrap is-layout-flex wp-container-core-group-is-layout-ad2f72ca wp-block-group-is-layout-flex\">\n<figure class=\"wp-block-image size-medium\"><img fetchpriority=\"high\" decoding=\"async\" width=\"300\" height=\"300\" src=\"https:\/\/sites.bra.ifsp.edu.br\/semat\/wp-content\/uploads\/2025\/09\/cropped-SEMAT15fi-300x300.png\" alt=\"\" class=\"wp-image-8\" srcset=\"https:\/\/sites.bra.ifsp.edu.br\/semat\/wp-content\/uploads\/2025\/09\/cropped-SEMAT15fi-300x300.png 300w, https:\/\/sites.bra.ifsp.edu.br\/semat\/wp-content\/uploads\/2025\/09\/cropped-SEMAT15fi-150x150.png 150w, https:\/\/sites.bra.ifsp.edu.br\/semat\/wp-content\/uploads\/2025\/09\/cropped-SEMAT15fi-230x230.png 230w, https:\/\/sites.bra.ifsp.edu.br\/semat\/wp-content\/uploads\/2025\/09\/cropped-SEMAT15fi-400x400.png 400w, https:\/\/sites.bra.ifsp.edu.br\/semat\/wp-content\/uploads\/2025\/09\/cropped-SEMAT15fi-270x270.png 270w, https:\/\/sites.bra.ifsp.edu.br\/semat\/wp-content\/uploads\/2025\/09\/cropped-SEMAT15fi-192x192.png 192w, https:\/\/sites.bra.ifsp.edu.br\/semat\/wp-content\/uploads\/2025\/09\/cropped-SEMAT15fi-180x180.png 180w, https:\/\/sites.bra.ifsp.edu.br\/semat\/wp-content\/uploads\/2025\/09\/cropped-SEMAT15fi-32x32.png 32w, https:\/\/sites.bra.ifsp.edu.br\/semat\/wp-content\/uploads\/2025\/09\/cropped-SEMAT15fi.png 512w\" sizes=\"(max-width: 300px) 100vw, 300px\" \/><\/figure>\n\n\n\n<p class=\"has-black-color has-pale-cyan-blue-background-color has-text-color has-background has-link-color has-large-font-size wp-elements-52696d76721f219762d03c6dc780100f\">semat.bra@ifsp.edu.br <\/p>\n<\/div>\n\n\n\n<p><\/p>\n","protected":false},"excerpt":{"rendered":"<p>semat.bra@ifsp.edu.br<\/p>\n","protected":false},"author":1,"featured_media":0,"parent":0,"menu_order":0,"comment_status":"closed","ping_status":"closed","template":"","meta":{"footnotes":""},"class_list":["post-18","page","type-page","status-publish","hentry"],"yoast_head":"<!-- This site is optimized with the Yoast SEO plugin v27.0 - https:\/\/yoast.com\/product\/yoast-seo-wordpress\/ -->\n<title>Contato - SEMAT<\/title>\n<meta name=\"robots\" content=\"index, follow, max-snippet:-1, max-image-preview:large, max-video-preview:-1\" \/>\n<link rel=\"canonical\" href=\"https:\/\/sites.bra.ifsp.edu.br\/semat\/contato\/\" \/>\n<meta property=\"og:locale\" content=\"pt_BR\" \/>\n<meta property=\"og:type\" content=\"article\" \/>\n<meta property=\"og:title\" content=\"Contato - SEMAT\" \/>\n<meta property=\"og:description\" content=\"semat.bra@ifsp.edu.br\" \/>\n<meta property=\"og:url\" content=\"https:\/\/sites.bra.ifsp.edu.br\/semat\/contato\/\" \/>\n<meta property=\"og:site_name\" content=\"SEMAT\" \/>\n<meta property=\"article:modified_time\" content=\"2026-03-26T17:12:57+00:00\" \/>\n<meta property=\"og:image\" content=\"https:\/\/sites.bra.ifsp.edu.br\/semat\/wp-content\/uploads\/2025\/09\/cropped-SEMAT15fi.png\" \/>\n\t<meta property=\"og:image:width\" content=\"512\" \/>\n\t<meta property=\"og:image:height\" content=\"512\" \/>\n\t<meta property=\"og:image:type\" content=\"image\/png\" \/>\n<meta name=\"twitter:card\" content=\"summary_large_image\" \/>\n<meta name=\"twitter:label1\" content=\"Est. tempo de leitura\" \/>\n\t<meta name=\"twitter:data1\" content=\"1 minuto\" \/>\n<script type=\"application\/ld+json\" class=\"yoast-schema-graph\">{\"@context\":\"https:\/\/schema.org\",\"@graph\":[{\"@type\":\"WebPage\",\"@id\":\"https:\/\/sites.bra.ifsp.edu.br\/semat\/contato\/\",\"url\":\"https:\/\/sites.bra.ifsp.edu.br\/semat\/contato\/\",\"name\":\"Contato - SEMAT\",\"isPartOf\":{\"@id\":\"https:\/\/sites.bra.ifsp.edu.br\/semat\/#website\"},\"primaryImageOfPage\":{\"@id\":\"https:\/\/sites.bra.ifsp.edu.br\/semat\/contato\/#primaryimage\"},\"image\":{\"@id\":\"https:\/\/sites.bra.ifsp.edu.br\/semat\/contato\/#primaryimage\"},\"thumbnailUrl\":\"https:\/\/sites.bra.ifsp.edu.br\/semat\/wp-content\/uploads\/2025\/09\/cropped-SEMAT15fi-300x300.png\",\"datePublished\":\"2025-09-22T19:13:33+00:00\",\"dateModified\":\"2026-03-26T17:12:57+00:00\",\"breadcrumb\":{\"@id\":\"https:\/\/sites.bra.ifsp.edu.br\/semat\/contato\/#breadcrumb\"},\"inLanguage\":\"pt-BR\",\"potentialAction\":[{\"@type\":\"ReadAction\",\"target\":[\"https:\/\/sites.bra.ifsp.edu.br\/semat\/contato\/\"]}]},{\"@type\":\"ImageObject\",\"inLanguage\":\"pt-BR\",\"@id\":\"https:\/\/sites.bra.ifsp.edu.br\/semat\/contato\/#primaryimage\",\"url\":\"https:\/\/sites.bra.ifsp.edu.br\/semat\/wp-content\/uploads\/2025\/09\/cropped-SEMAT15fi.png\",\"contentUrl\":\"https:\/\/sites.bra.ifsp.edu.br\/semat\/wp-content\/uploads\/2025\/09\/cropped-SEMAT15fi.png\",\"width\":512,\"height\":512},{\"@type\":\"BreadcrumbList\",\"@id\":\"https:\/\/sites.bra.ifsp.edu.br\/semat\/contato\/#breadcrumb\",\"itemListElement\":[{\"@type\":\"ListItem\",\"position\":1,\"name\":\"In\u00edcio\",\"item\":\"https:\/\/sites.bra.ifsp.edu.br\/semat\/\"},{\"@type\":\"ListItem\",\"position\":2,\"name\":\"Contato\"}]},{\"@type\":\"WebSite\",\"@id\":\"https:\/\/sites.bra.ifsp.edu.br\/semat\/#website\",\"url\":\"https:\/\/sites.bra.ifsp.edu.br\/semat\/\",\"name\":\"SEMAT\",\"description\":\"Semana da Matem\u00e1tica e Educa\u00e7\u00e3o Matem\u00e1tica\",\"publisher\":{\"@id\":\"https:\/\/sites.bra.ifsp.edu.br\/semat\/#organization\"},\"potentialAction\":[{\"@type\":\"SearchAction\",\"target\":{\"@type\":\"EntryPoint\",\"urlTemplate\":\"https:\/\/sites.bra.ifsp.edu.br\/semat\/?s={search_term_string}\"},\"query-input\":{\"@type\":\"PropertyValueSpecification\",\"valueRequired\":true,\"valueName\":\"search_term_string\"}}],\"inLanguage\":\"pt-BR\"},{\"@type\":\"Organization\",\"@id\":\"https:\/\/sites.bra.ifsp.edu.br\/semat\/#organization\",\"name\":\"SEMAT\",\"url\":\"https:\/\/sites.bra.ifsp.edu.br\/semat\/\",\"logo\":{\"@type\":\"ImageObject\",\"inLanguage\":\"pt-BR\",\"@id\":\"https:\/\/sites.bra.ifsp.edu.br\/semat\/#\/schema\/logo\/image\/\",\"url\":\"https:\/\/sites.bra.ifsp.edu.br\/semat\/wp-content\/uploads\/2025\/09\/SEMAT15.jpg\",\"contentUrl\":\"https:\/\/sites.bra.ifsp.edu.br\/semat\/wp-content\/uploads\/2025\/09\/SEMAT15.jpg\",\"width\":2283,\"height\":1145,\"caption\":\"SEMAT\"},\"image\":{\"@id\":\"https:\/\/sites.bra.ifsp.edu.br\/semat\/#\/schema\/logo\/image\/\"}}]}<\/script>\n<!-- \/ Yoast SEO plugin. -->","yoast_head_json":{"title":"Contato - SEMAT","robots":{"index":"index","follow":"follow","max-snippet":"max-snippet:-1","max-image-preview":"max-image-preview:large","max-video-preview":"max-video-preview:-1"},"canonical":"https:\/\/sites.bra.ifsp.edu.br\/semat\/contato\/","og_locale":"pt_BR","og_type":"article","og_title":"Contato - SEMAT","og_description":"semat.bra@ifsp.edu.br","og_url":"https:\/\/sites.bra.ifsp.edu.br\/semat\/contato\/","og_site_name":"SEMAT","article_modified_time":"2026-03-26T17:12:57+00:00","og_image":[{"width":512,"height":512,"url":"https:\/\/sites.bra.ifsp.edu.br\/semat\/wp-content\/uploads\/2025\/09\/cropped-SEMAT15fi.png","type":"image\/png"}],"twitter_card":"summary_large_image","twitter_misc":{"Est. tempo de leitura":"1 minuto"},"schema":{"@context":"https:\/\/schema.org","@graph":[{"@type":"WebPage","@id":"https:\/\/sites.bra.ifsp.edu.br\/semat\/contato\/","url":"https:\/\/sites.bra.ifsp.edu.br\/semat\/contato\/","name":"Contato - SEMAT","isPartOf":{"@id":"https:\/\/sites.bra.ifsp.edu.br\/semat\/#website"},"primaryImageOfPage":{"@id":"https:\/\/sites.bra.ifsp.edu.br\/semat\/contato\/#primaryimage"},"image":{"@id":"https:\/\/sites.bra.ifsp.edu.br\/semat\/contato\/#primaryimage"},"thumbnailUrl":"https:\/\/sites.bra.ifsp.edu.br\/semat\/wp-content\/uploads\/2025\/09\/cropped-SEMAT15fi-300x300.png","datePublished":"2025-09-22T19:13:33+00:00","dateModified":"2026-03-26T17:12:57+00:00","breadcrumb":{"@id":"https:\/\/sites.bra.ifsp.edu.br\/semat\/contato\/#breadcrumb"},"inLanguage":"pt-BR","potentialAction":[{"@type":"ReadAction","target":["https:\/\/sites.bra.ifsp.edu.br\/semat\/contato\/"]}]},{"@type":"ImageObject","inLanguage":"pt-BR","@id":"https:\/\/sites.bra.ifsp.edu.br\/semat\/contato\/#primaryimage","url":"https:\/\/sites.bra.ifsp.edu.br\/semat\/wp-content\/uploads\/2025\/09\/cropped-SEMAT15fi.png","contentUrl":"https:\/\/sites.bra.ifsp.edu.br\/semat\/wp-content\/uploads\/2025\/09\/cropped-SEMAT15fi.png","width":512,"height":512},{"@type":"BreadcrumbList","@id":"https:\/\/sites.bra.ifsp.edu.br\/semat\/contato\/#breadcrumb","itemListElement":[{"@type":"ListItem","position":1,"name":"In\u00edcio","item":"https:\/\/sites.bra.ifsp.edu.br\/semat\/"},{"@type":"ListItem","position":2,"name":"Contato"}]},{"@type":"WebSite","@id":"https:\/\/sites.bra.ifsp.edu.br\/semat\/#website","url":"https:\/\/sites.bra.ifsp.edu.br\/semat\/","name":"SEMAT","description":"Semana da Matem\u00e1tica e Educa\u00e7\u00e3o Matem\u00e1tica","publisher":{"@id":"https:\/\/sites.bra.ifsp.edu.br\/semat\/#organization"},"potentialAction":[{"@type":"SearchAction","target":{"@type":"EntryPoint","urlTemplate":"https:\/\/sites.bra.ifsp.edu.br\/semat\/?s={search_term_string}"},"query-input":{"@type":"PropertyValueSpecification","valueRequired":true,"valueName":"search_term_string"}}],"inLanguage":"pt-BR"},{"@type":"Organization","@id":"https:\/\/sites.bra.ifsp.edu.br\/semat\/#organization","name":"SEMAT","url":"https:\/\/sites.bra.ifsp.edu.br\/semat\/","logo":{"@type":"ImageObject","inLanguage":"pt-BR","@id":"https:\/\/sites.bra.ifsp.edu.br\/semat\/#\/schema\/logo\/image\/","url":"https:\/\/sites.bra.ifsp.edu.br\/semat\/wp-content\/uploads\/2025\/09\/SEMAT15.jpg","contentUrl":"https:\/\/sites.bra.ifsp.edu.br\/semat\/wp-content\/uploads\/2025\/09\/SEMAT15.jpg","width":2283,"height":1145,"caption":"SEMAT"},"image":{"@id":"https:\/\/sites.bra.ifsp.edu.br\/semat\/#\/schema\/logo\/image\/"}}]}},"_links":{"self":[{"href":"https:\/\/sites.bra.ifsp.edu.br\/semat\/wp-json\/wp\/v2\/pages\/18","targetHints":{"allow":["GET"]}}],"collection":[{"href":"https:\/\/sites.bra.ifsp.edu.br\/semat\/wp-json\/wp\/v2\/pages"}],"about":[{"href":"https:\/\/sites.bra.ifsp.edu.br\/semat\/wp-json\/wp\/v2\/types\/page"}],"author":[{"embeddable":true,"href":"https:\/\/sites.bra.ifsp.edu.br\/semat\/wp-json\/wp\/v2\/users\/1"}],"replies":[{"embeddable":true,"href":"https:\/\/sites.bra.ifsp.edu.br\/semat\/wp-json\/wp\/v2\/comments?post=18"}],"version-history":[{"count":4,"href":"https:\/\/sites.bra.ifsp.edu.br\/semat\/wp-json\/wp\/v2\/pages\/18\/revisions"}],"predecessor-version":[{"id":436,"href":"https:\/\/sites.bra.ifsp.edu.br\/semat\/wp-json\/wp\/v2\/pages\/18\/revisions\/436"}],"wp:attachment":[{"href":"https:\/\/sites.bra.ifsp.edu.br\/semat\/wp-json\/wp\/v2\/media?parent=18"}],"curies":[{"name":"wp","href":"https:\/\/api.w.org\/{rel}","templated":true}]}}