{"id":16,"date":"2025-09-22T16:13:07","date_gmt":"2025-09-22T19:13:07","guid":{"rendered":"https:\/\/sites.bra.ifsp.edu.br\/semat\/?page_id=16"},"modified":"2026-03-26T14:18:27","modified_gmt":"2026-03-26T17:18:27","slug":"comissao-organizadora","status":"publish","type":"page","link":"https:\/\/sites.bra.ifsp.edu.br\/semat\/comissao-organizadora\/","title":{"rendered":"Comiss\u00e3o Organizadora\u00a0"},"content":{"rendered":"\n<p class=\"has-light-green-cyan-background-color has-background has-medium-font-size\"><strong>Servidores:<\/strong><br>Ana Let\u00edcia Sucomine Carreira<br>Daniel Tebaldi Santos<br>Marina Mitie Gishifu Osio<br>Rodrigo Rafael Gomes<br>Rubens Pantano Filho<\/p>\n\n\n\n<p class=\"has-light-green-cyan-background-color has-background has-medium-font-size\"><strong>Colaboradores:<\/strong><br>Bianca de Mattos Moraes<br>Matheus Souza Martinez<br>Rian de Almeida Silva<\/p>\n\n\n\n<p><\/p>\n","protected":false},"excerpt":{"rendered":"<p>Servidores:Ana Let\u00edcia Sucomine CarreiraDaniel Tebaldi SantosMarina Mitie Gishifu OsioRodrigo Rafael GomesRubens Pantano Filho Colaboradores:Bianca de Mattos MoraesMatheus Souza MartinezRian de Almeida Silva<\/p>\n","protected":false},"author":1,"featured_media":0,"parent":0,"menu_order":0,"comment_status":"closed","ping_status":"closed","template":"","meta":{"footnotes":""},"class_list":["post-16","page","type-page","status-publish","hentry"],"yoast_head":"<!-- This site is optimized with the Yoast SEO plugin v27.0 - https:\/\/yoast.com\/product\/yoast-seo-wordpress\/ -->\n<title>Comiss\u00e3o Organizadora\u00a0 - SEMAT<\/title>\n<meta name=\"robots\" content=\"index, follow, max-snippet:-1, max-image-preview:large, max-video-preview:-1\" \/>\n<link rel=\"canonical\" href=\"https:\/\/sites.bra.ifsp.edu.br\/semat\/comissao-organizadora\/\" \/>\n<meta property=\"og:locale\" content=\"pt_BR\" \/>\n<meta property=\"og:type\" content=\"article\" \/>\n<meta property=\"og:title\" content=\"Comiss\u00e3o Organizadora\u00a0 - SEMAT\" \/>\n<meta property=\"og:description\" content=\"Servidores:Ana Let\u00edcia Sucomine CarreiraDaniel Tebaldi SantosMarina Mitie Gishifu OsioRodrigo Rafael GomesRubens Pantano Filho Colaboradores:Bianca de Mattos MoraesMatheus Souza MartinezRian de Almeida Silva\" \/>\n<meta property=\"og:url\" content=\"https:\/\/sites.bra.ifsp.edu.br\/semat\/comissao-organizadora\/\" \/>\n<meta property=\"og:site_name\" content=\"SEMAT\" \/>\n<meta property=\"article:modified_time\" content=\"2026-03-26T17:18:27+00:00\" \/>\n<meta name=\"twitter:card\" content=\"summary_large_image\" \/>\n<meta name=\"twitter:label1\" content=\"Est. tempo de leitura\" \/>\n\t<meta name=\"twitter:data1\" content=\"1 minuto\" \/>\n<script type=\"application\/ld+json\" class=\"yoast-schema-graph\">{\"@context\":\"https:\/\/schema.org\",\"@graph\":[{\"@type\":\"WebPage\",\"@id\":\"https:\/\/sites.bra.ifsp.edu.br\/semat\/comissao-organizadora\/\",\"url\":\"https:\/\/sites.bra.ifsp.edu.br\/semat\/comissao-organizadora\/\",\"name\":\"Comiss\u00e3o Organizadora\u00a0 - SEMAT\",\"isPartOf\":{\"@id\":\"https:\/\/sites.bra.ifsp.edu.br\/semat\/#website\"},\"datePublished\":\"2025-09-22T19:13:07+00:00\",\"dateModified\":\"2026-03-26T17:18:27+00:00\",\"breadcrumb\":{\"@id\":\"https:\/\/sites.bra.ifsp.edu.br\/semat\/comissao-organizadora\/#breadcrumb\"},\"inLanguage\":\"pt-BR\",\"potentialAction\":[{\"@type\":\"ReadAction\",\"target\":[\"https:\/\/sites.bra.ifsp.edu.br\/semat\/comissao-organizadora\/\"]}]},{\"@type\":\"BreadcrumbList\",\"@id\":\"https:\/\/sites.bra.ifsp.edu.br\/semat\/comissao-organizadora\/#breadcrumb\",\"itemListElement\":[{\"@type\":\"ListItem\",\"position\":1,\"name\":\"In\u00edcio\",\"item\":\"https:\/\/sites.bra.ifsp.edu.br\/semat\/\"},{\"@type\":\"ListItem\",\"position\":2,\"name\":\"Comiss\u00e3o Organizadora\u00a0\"}]},{\"@type\":\"WebSite\",\"@id\":\"https:\/\/sites.bra.ifsp.edu.br\/semat\/#website\",\"url\":\"https:\/\/sites.bra.ifsp.edu.br\/semat\/\",\"name\":\"SEMAT\",\"description\":\"Semana da Matem\u00e1tica e Educa\u00e7\u00e3o Matem\u00e1tica\",\"publisher\":{\"@id\":\"https:\/\/sites.bra.ifsp.edu.br\/semat\/#organization\"},\"potentialAction\":[{\"@type\":\"SearchAction\",\"target\":{\"@type\":\"EntryPoint\",\"urlTemplate\":\"https:\/\/sites.bra.ifsp.edu.br\/semat\/?s={search_term_string}\"},\"query-input\":{\"@type\":\"PropertyValueSpecification\",\"valueRequired\":true,\"valueName\":\"search_term_string\"}}],\"inLanguage\":\"pt-BR\"},{\"@type\":\"Organization\",\"@id\":\"https:\/\/sites.bra.ifsp.edu.br\/semat\/#organization\",\"name\":\"SEMAT\",\"url\":\"https:\/\/sites.bra.ifsp.edu.br\/semat\/\",\"logo\":{\"@type\":\"ImageObject\",\"inLanguage\":\"pt-BR\",\"@id\":\"https:\/\/sites.bra.ifsp.edu.br\/semat\/#\/schema\/logo\/image\/\",\"url\":\"https:\/\/sites.bra.ifsp.edu.br\/semat\/wp-content\/uploads\/2025\/09\/SEMAT15.jpg\",\"contentUrl\":\"https:\/\/sites.bra.ifsp.edu.br\/semat\/wp-content\/uploads\/2025\/09\/SEMAT15.jpg\",\"width\":2283,\"height\":1145,\"caption\":\"SEMAT\"},\"image\":{\"@id\":\"https:\/\/sites.bra.ifsp.edu.br\/semat\/#\/schema\/logo\/image\/\"}}]}<\/script>\n<!-- \/ Yoast SEO plugin. -->","yoast_head_json":{"title":"Comiss\u00e3o Organizadora\u00a0 - SEMAT","robots":{"index":"index","follow":"follow","max-snippet":"max-snippet:-1","max-image-preview":"max-image-preview:large","max-video-preview":"max-video-preview:-1"},"canonical":"https:\/\/sites.bra.ifsp.edu.br\/semat\/comissao-organizadora\/","og_locale":"pt_BR","og_type":"article","og_title":"Comiss\u00e3o Organizadora\u00a0 - SEMAT","og_description":"Servidores:Ana Let\u00edcia Sucomine CarreiraDaniel Tebaldi SantosMarina Mitie Gishifu OsioRodrigo Rafael GomesRubens Pantano Filho Colaboradores:Bianca de Mattos MoraesMatheus Souza MartinezRian de Almeida Silva","og_url":"https:\/\/sites.bra.ifsp.edu.br\/semat\/comissao-organizadora\/","og_site_name":"SEMAT","article_modified_time":"2026-03-26T17:18:27+00:00","twitter_card":"summary_large_image","twitter_misc":{"Est. tempo de leitura":"1 minuto"},"schema":{"@context":"https:\/\/schema.org","@graph":[{"@type":"WebPage","@id":"https:\/\/sites.bra.ifsp.edu.br\/semat\/comissao-organizadora\/","url":"https:\/\/sites.bra.ifsp.edu.br\/semat\/comissao-organizadora\/","name":"Comiss\u00e3o Organizadora\u00a0 - SEMAT","isPartOf":{"@id":"https:\/\/sites.bra.ifsp.edu.br\/semat\/#website"},"datePublished":"2025-09-22T19:13:07+00:00","dateModified":"2026-03-26T17:18:27+00:00","breadcrumb":{"@id":"https:\/\/sites.bra.ifsp.edu.br\/semat\/comissao-organizadora\/#breadcrumb"},"inLanguage":"pt-BR","potentialAction":[{"@type":"ReadAction","target":["https:\/\/sites.bra.ifsp.edu.br\/semat\/comissao-organizadora\/"]}]},{"@type":"BreadcrumbList","@id":"https:\/\/sites.bra.ifsp.edu.br\/semat\/comissao-organizadora\/#breadcrumb","itemListElement":[{"@type":"ListItem","position":1,"name":"In\u00edcio","item":"https:\/\/sites.bra.ifsp.edu.br\/semat\/"},{"@type":"ListItem","position":2,"name":"Comiss\u00e3o Organizadora\u00a0"}]},{"@type":"WebSite","@id":"https:\/\/sites.bra.ifsp.edu.br\/semat\/#website","url":"https:\/\/sites.bra.ifsp.edu.br\/semat\/","name":"SEMAT","description":"Semana da Matem\u00e1tica e Educa\u00e7\u00e3o Matem\u00e1tica","publisher":{"@id":"https:\/\/sites.bra.ifsp.edu.br\/semat\/#organization"},"potentialAction":[{"@type":"SearchAction","target":{"@type":"EntryPoint","urlTemplate":"https:\/\/sites.bra.ifsp.edu.br\/semat\/?s={search_term_string}"},"query-input":{"@type":"PropertyValueSpecification","valueRequired":true,"valueName":"search_term_string"}}],"inLanguage":"pt-BR"},{"@type":"Organization","@id":"https:\/\/sites.bra.ifsp.edu.br\/semat\/#organization","name":"SEMAT","url":"https:\/\/sites.bra.ifsp.edu.br\/semat\/","logo":{"@type":"ImageObject","inLanguage":"pt-BR","@id":"https:\/\/sites.bra.ifsp.edu.br\/semat\/#\/schema\/logo\/image\/","url":"https:\/\/sites.bra.ifsp.edu.br\/semat\/wp-content\/uploads\/2025\/09\/SEMAT15.jpg","contentUrl":"https:\/\/sites.bra.ifsp.edu.br\/semat\/wp-content\/uploads\/2025\/09\/SEMAT15.jpg","width":2283,"height":1145,"caption":"SEMAT"},"image":{"@id":"https:\/\/sites.bra.ifsp.edu.br\/semat\/#\/schema\/logo\/image\/"}}]}},"_links":{"self":[{"href":"https:\/\/sites.bra.ifsp.edu.br\/semat\/wp-json\/wp\/v2\/pages\/16","targetHints":{"allow":["GET"]}}],"collection":[{"href":"https:\/\/sites.bra.ifsp.edu.br\/semat\/wp-json\/wp\/v2\/pages"}],"about":[{"href":"https:\/\/sites.bra.ifsp.edu.br\/semat\/wp-json\/wp\/v2\/types\/page"}],"author":[{"embeddable":true,"href":"https:\/\/sites.bra.ifsp.edu.br\/semat\/wp-json\/wp\/v2\/users\/1"}],"replies":[{"embeddable":true,"href":"https:\/\/sites.bra.ifsp.edu.br\/semat\/wp-json\/wp\/v2\/comments?post=16"}],"version-history":[{"count":7,"href":"https:\/\/sites.bra.ifsp.edu.br\/semat\/wp-json\/wp\/v2\/pages\/16\/revisions"}],"predecessor-version":[{"id":441,"href":"https:\/\/sites.bra.ifsp.edu.br\/semat\/wp-json\/wp\/v2\/pages\/16\/revisions\/441"}],"wp:attachment":[{"href":"https:\/\/sites.bra.ifsp.edu.br\/semat\/wp-json\/wp\/v2\/media?parent=16"}],"curies":[{"name":"wp","href":"https:\/\/api.w.org\/{rel}","templated":true}]}}